{"id":647,"date":"2016-05-20T14:53:04","date_gmt":"2016-05-20T14:53:04","guid":{"rendered":"http:\/\/milano.beantownthemes.com\/?page_id=647"},"modified":"2022-10-28T09:03:07","modified_gmt":"2022-10-28T09:03:07","slug":"biography","status":"publish","type":"page","link":"http:\/\/carolinelohmann.de\/?page_id=647","title":{"rendered":"About Me"},"content":{"rendered":"<p>[vc_row][vc_column]<h2 class=\"author-name\"><\/p>\r\n<h2>\u00a0<\/h2>\r\n<h2>Ich bin Caro,<\/h2>\r\n<p><\/h2><div><img decoding=\"async\" src=\"THEME_URLimages\/sub-handmade.png\" class=\"sub-handmade\"><\/div>[vc_empty_space height=&#8220;60px&#8220;][\/vc_column][\/vc_row][vc_row][vc_column width=&#8220;1\/2&#8243;][vc_single_image image=&#8220;1549&#8243; img_size=&#8220;501&#215;557&#8243;][\/vc_column][vc_column width=&#8220;1\/2&#8243;][vc_column_text]<\/p>\r\n<h3 class=\"has-medium-font-size\"><em>Ich halte den Stift schon fast immer in meiner Rechten Hand und ganz bewusst im Anschluss meines Master Studiums an der Hochschule Niederrhein.<\/em><\/h3>\r\n\r\n<p>Schule, leichtf\u00fc\u00dfig getanzte Namen und kreative Grundsteine, Hauptmerkmale meiner Schullaufbahn. Fachabitur und Studium der Malerei waren meine Wegbegleiter zur Hochschule Niederrhein, die ich erfolgreich mit dem Titel Master of Art verlassen durfte. Seitdem illustriere ich. Zuerst gingen meine Illustrationen unter die Haut und fanden schlie\u00dflich ihren Weg zur\u00fcck auf das Papier, in Magazine und B\u00fccher.<\/p>\r\n<p>[\/vc_column_text][vc_btn title=&#8220;Download Portfolio&#8220; style=&#8220;flat&#8220; shape=&#8220;square&#8220; color=&#8220;pink&#8220; link=&#8220;url:http%3A%2F%2Fcarolinelohmann.de%2Fwp-content%2Fuploads%2F2019%2F10%2Fportfolie.pdf|||&#8220;][vc_btn title=&#8220;Download Hintergrund Katalog&#8220; style=&#8220;flat&#8220; shape=&#8220;square&#8220; color=&#8220;pink&#8220; link=&#8220;url:http%3A%2F%2Fcarolinelohmann.de%2Fwp-content%2Fuploads%2F2022%2F10%2FHintergruende.pdf|||&#8220;][\/vc_column][\/vc_row][vc_row][vc_column][vc_empty_space height=&#8220;140px&#8220;]<h2 class=\"\">Meine Illustrationen<\/h2><div><img decoding=\"async\" src=\"THEME_URLimages\/sub-handmade.png\" class=\"sub-handmade\"><\/div>[vc_empty_space height=&#8220;40px&#8220;][\/vc_column][\/vc_row][vc_row][vc_column width=&#8220;1\/6&#8243;]<div class=\"align-center\">\n                <div class=\"data-blog cont-ico smll-ico\">\n                  <div class=\"w-embed\"><i class=\"fa fa-diamond\"><\/i>\n                  <\/div>\n                <\/div>\n                <div class=\"cont-sub-txt\">Brilliant<\/div>\n              <\/div>[\/vc_column][vc_column width=&#8220;1\/6&#8243;]<div class=\"align-center\">\n                <div class=\"data-blog cont-ico smll-ico\">\n                  <div class=\"w-embed\"><i class=\"fa fa-paint-brush\"><\/i>\n                  <\/div>\n                <\/div>\n                <div class=\"cont-sub-txt\">Von Hand<\/div>\n              <\/div>[\/vc_column][vc_column width=&#8220;1\/6&#8243;]<div class=\"align-center\">\n                <div class=\"data-blog cont-ico smll-ico\">\n                  <div class=\"w-embed\"><i class=\"fa fa-bomb\"><\/i>\n                  <\/div>\n                <\/div>\n                <div class=\"cont-sub-txt\">Provokant<\/div>\n              <\/div>[\/vc_column][vc_column width=&#8220;1\/6&#8243;]<div class=\"align-center\">\n                <div class=\"data-blog cont-ico smll-ico\">\n                  <div class=\"w-embed\"><i class=\"fa fa-photo\"><\/i>\n                  <\/div>\n                <\/div>\n                <div class=\"cont-sub-txt\">Im Wunschformat<\/div>\n              <\/div>[\/vc_column][vc_column width=&#8220;1\/6&#8243;]<div class=\"align-center\">\n                <div class=\"data-blog cont-ico smll-ico\">\n                  <div class=\"w-embed\"><i class=\"fa fa-heart\"><\/i>\n                  <\/div>\n                <\/div>\n                <div class=\"cont-sub-txt\">Mit Liebe gemacht<\/div>\n              <\/div>[\/vc_column][vc_column width=&#8220;1\/6&#8243;]<div class=\"align-center\">\n                <div class=\"data-blog cont-ico smll-ico\">\n                  <div class=\"w-embed\"><i class=\"fa fa-clock-o\"><\/i>\n                  <\/div>\n                <\/div>\n                <div class=\"cont-sub-txt\">P\u00fcnktllich geliefert<\/div>\n              <\/div>[\/vc_column][\/vc_row][vc_row][vc_column][vc_empty_space height=&#8220;130px&#8220;][\/vc_column][\/vc_row][vc_row][vc_column][vc_separator][\/vc_column][\/vc_row]<\/p>","protected":false},"excerpt":{"rendered":"<p>[vc_row][vc_column][vc_empty_space height=&#8220;60px&#8220;][\/vc_column][\/vc_row][vc_row][vc_column width=&#8220;1\/2&#8243;][vc_single_image image=&#8220;1549&#8243; img_size=&#8220;501&#215;557&#8243;][\/vc_column][vc_column width=&#8220;1\/2&#8243;][vc_column_text] Ich halte den Stift schon fast immer in meiner Rechten Hand und ganz bewusst im Anschluss meines Master Studiums an der Hochschule Niederrhein. Schule, leichtf\u00fc\u00dfig getanzte Namen und kreative Grundsteine, Hauptmerkmale meiner Schullaufbahn. Fachabitur und Studium der Malerei waren meine Wegbegleiter zur Hochschule Niederrhein, die ich erfolgreich mit dem Titel Master of Art verlassen durfte. Seitdem illustriere ich. Zuerst gingen meine Illustrationen unter die Haut und fanden schlie\u00dflich ihren Weg zur\u00fcck auf das Papier,<a class=\"more-link\" href=\"http:\/\/carolinelohmann.de\/?page_id=647\"><span data-hover=\"weiterlesen\">weiterlesen<\/span><\/a><\/p>\n","protected":false},"author":1,"featured_media":0,"parent":0,"menu_order":0,"comment_status":"closed","ping_status":"closed","template":"","meta":{"footnotes":""},"class_list":["post-647","page","type-page","status-publish","hentry"],"_links":{"self":[{"href":"http:\/\/carolinelohmann.de\/index.php?rest_route=\/wp\/v2\/pages\/647","targetHints":{"allow":["GET"]}}],"collection":[{"href":"http:\/\/carolinelohmann.de\/index.php?rest_route=\/wp\/v2\/pages"}],"about":[{"href":"http:\/\/carolinelohmann.de\/index.php?rest_route=\/wp\/v2\/types\/page"}],"author":[{"embeddable":true,"href":"http:\/\/carolinelohmann.de\/index.php?rest_route=\/wp\/v2\/users\/1"}],"replies":[{"embeddable":true,"href":"http:\/\/carolinelohmann.de\/index.php?rest_route=%2Fwp%2Fv2%2Fcomments&post=647"}],"version-history":[{"count":17,"href":"http:\/\/carolinelohmann.de\/index.php?rest_route=\/wp\/v2\/pages\/647\/revisions"}],"predecessor-version":[{"id":1552,"href":"http:\/\/carolinelohmann.de\/index.php?rest_route=\/wp\/v2\/pages\/647\/revisions\/1552"}],"wp:attachment":[{"href":"http:\/\/carolinelohmann.de\/index.php?rest_route=%2Fwp%2Fv2%2Fmedia&parent=647"}],"curies":[{"name":"wp","href":"https:\/\/api.w.org\/{rel}","templated":true}]}}